{"id":131,"date":"2023-02-28T16:08:25","date_gmt":"2023-02-28T15:08:25","guid":{"rendered":"https:\/\/energyminer.eu\/?page_id=131"},"modified":"2024-02-15T18:20:28","modified_gmt":"2024-02-15T17:20:28","slug":"impressum","status":"publish","type":"page","link":"https:\/\/energyminer.eu\/en\/impressum\/","title":{"rendered":"Imprint"},"content":{"rendered":"<h1>IMPRINT<\/h1>\n<p><strong>Energyminer GmbH<\/strong><\/p>\n<p>Industriestra\u00dfe 40<\/p>\n<p>82194 Gr\u00f6benzell<\/p>\n<p>Commercial Register: HRB 263724<\/p>\n<p>Court of Registration: Amtsgericht M\u00fcnchen<\/p>\n<h3>AUTHORIZED MANAGING DIRECTORS:<\/h3>\n<p>Dr. Richard Eckl<br \/>\nDr. Georg Walder<\/p>\n<h3>CONTACT<\/h3>\n<p>Telefon: +49 8142 6517958<br \/>\nE-Mail: info@energyminer.eu<\/p>\n<h3>VAT IDENTIFICATION NUMBER ACCORDING TO \u00a727A USTG:<\/h3>\n<p>DE340818320<\/p>\n<h3>RESPONSIBLE FOR CONTENT ACCORDING TO \u00a7 55 ABS. 2 RSTV:<\/h3>\n<p>Dr. Richard Eckl, Dr. Georg Walder<\/p>\n<h3>EU DISPUTE RESOLUTION:<\/h3>\n<p class=\"translation-block\">The European Commission provides a platform for online dispute resolution (ODR): https:\/\/ec.europa.eu\/consumers\/odr\/.\nYou can find our email address in the imprint section of the website.<\/p>\n<h3>DISPUTE RESOLUTION PROCEDURE BEFORE A CONSUMER ARBITRATION BOARD:<\/h3>\n<p>We are not willing or obligated to participate in dispute resolution proceedings before a consumer arbitration board.<\/p>","protected":false},"excerpt":{"rendered":"<p>IMPRESSUM Energyminer GmbH Industriestra\u00dfe 40 82194 Gr\u00f6benzell Handelsregister: HRB 263724 Registergericht: Amtsgericht M\u00fcnchen VERTRETUNGSBERECHTIGTE GESCH\u00c4FTSF\u00dcHRER: Dr. Richard Eckl Dr. Georg Walder KONTAKT Telefon: +49 8142 6517958 E-Mail: info@energyminer.eu UMSATZSTEUER-IDENTIFIKATIONSNUMMER GEM. \u00a727A USTG: DE340818320 VERANTWORTLICH F\u00dcR DEN INHALT NACH \u00a7 55 ABS. 2 RSTV: Dr. Richard Eckl, Dr. Georg Walder EU STREITBEILEGUNG: Die Europ\u00e4ische Kommission stellt [&hellip;]<\/p>\n","protected":false},"author":2,"featured_media":438,"parent":0,"menu_order":0,"comment_status":"closed","ping_status":"open","template":"","meta":{"content-type":"","footnotes":""},"class_list":["post-131","page","type-page","status-publish","has-post-thumbnail","hentry"],"yoast_head":"<!-- This site is optimized with the Yoast SEO plugin v27.3 - https:\/\/yoast.com\/product\/yoast-seo-wordpress\/ -->\n<title>Impressum - Energyminer<\/title>\n<meta name=\"description\" content=\"Energyminer GmbH | Dr. Richard Eckl, Dr. Georg Walder | Telefon: +49 8143 5609640, E-Mail: info@energyminer.eu\" \/>\n<meta name=\"robots\" content=\"index, follow, max-snippet:-1, max-image-preview:large, max-video-preview:-1\" \/>\n<link rel=\"canonical\" href=\"https:\/\/energyminer.eu\/en\/impressum\/\" \/>\n<meta property=\"og:locale\" content=\"en_GB\" \/>\n<meta property=\"og:type\" content=\"article\" \/>\n<meta property=\"og:title\" content=\"Impressum - Energyminer\" \/>\n<meta property=\"og:description\" content=\"Energyminer GmbH | Dr. Richard Eckl, Dr. Georg Walder | Telefon: +49 8143 5609640, E-Mail: info@energyminer.eu\" \/>\n<meta property=\"og:url\" content=\"https:\/\/energyminer.eu\/en\/impressum\/\" \/>\n<meta property=\"og:site_name\" content=\"Energyminer\" \/>\n<meta property=\"article:modified_time\" content=\"2024-02-15T17:20:28+00:00\" \/>\n<meta property=\"og:image\" content=\"https:\/\/energyminer.eu\/wp-content\/uploads\/2023\/03\/cropped-Energyminer-favicon.webp\" \/>\n\t<meta property=\"og:image:width\" content=\"512\" \/>\n\t<meta property=\"og:image:height\" content=\"512\" \/>\n\t<meta property=\"og:image:type\" content=\"image\/webp\" \/>\n<meta name=\"twitter:card\" content=\"summary_large_image\" \/>\n<meta name=\"twitter:label1\" content=\"Estimated reading time\" \/>\n\t<meta name=\"twitter:data1\" content=\"1 minute\" \/>\n<script type=\"application\/ld+json\" class=\"yoast-schema-graph\">{\"@context\":\"https:\\\/\\\/schema.org\",\"@graph\":[{\"@type\":\"WebPage\",\"@id\":\"https:\\\/\\\/energyminer.eu\\\/impressum\\\/\",\"url\":\"https:\\\/\\\/energyminer.eu\\\/impressum\\\/\",\"name\":\"Impressum - Energyminer\",\"isPartOf\":{\"@id\":\"https:\\\/\\\/energyminer.eu\\\/#website\"},\"primaryImageOfPage\":{\"@id\":\"https:\\\/\\\/energyminer.eu\\\/impressum\\\/#primaryimage\"},\"image\":{\"@id\":\"https:\\\/\\\/energyminer.eu\\\/impressum\\\/#primaryimage\"},\"thumbnailUrl\":\"https:\\\/\\\/energyminer.eu\\\/wp-content\\\/uploads\\\/2023\\\/03\\\/cropped-Energyminer-favicon.webp\",\"datePublished\":\"2023-02-28T15:08:25+00:00\",\"dateModified\":\"2024-02-15T17:20:28+00:00\",\"description\":\"Energyminer GmbH | Dr. Richard Eckl, Dr. Georg Walder | Telefon: +49 8143 5609640, E-Mail: info@energyminer.eu\",\"breadcrumb\":{\"@id\":\"https:\\\/\\\/energyminer.eu\\\/impressum\\\/#breadcrumb\"},\"inLanguage\":\"en-GB\",\"potentialAction\":[{\"@type\":\"ReadAction\",\"target\":[\"https:\\\/\\\/energyminer.eu\\\/impressum\\\/\"]}]},{\"@type\":\"ImageObject\",\"inLanguage\":\"en-GB\",\"@id\":\"https:\\\/\\\/energyminer.eu\\\/impressum\\\/#primaryimage\",\"url\":\"https:\\\/\\\/energyminer.eu\\\/wp-content\\\/uploads\\\/2023\\\/03\\\/cropped-Energyminer-favicon.webp\",\"contentUrl\":\"https:\\\/\\\/energyminer.eu\\\/wp-content\\\/uploads\\\/2023\\\/03\\\/cropped-Energyminer-favicon.webp\",\"width\":512,\"height\":512,\"caption\":\"Energyminer Favicon\"},{\"@type\":\"BreadcrumbList\",\"@id\":\"https:\\\/\\\/energyminer.eu\\\/impressum\\\/#breadcrumb\",\"itemListElement\":[{\"@type\":\"ListItem\",\"position\":1,\"name\":\"Startseite\",\"item\":\"https:\\\/\\\/energyminer.eu\\\/home\\\/\"},{\"@type\":\"ListItem\",\"position\":2,\"name\":\"Impressum\"}]},{\"@type\":\"WebSite\",\"@id\":\"https:\\\/\\\/energyminer.eu\\\/#website\",\"url\":\"https:\\\/\\\/energyminer.eu\\\/\",\"name\":\"https:\\\/\\\/energyminer.eu\\\/\",\"description\":\"Simple hydroelectric power without ecological impact\",\"publisher\":{\"@id\":\"https:\\\/\\\/energyminer.eu\\\/#organization\"},\"alternateName\":\"Energyminer\",\"potentialAction\":[{\"@type\":\"SearchAction\",\"target\":{\"@type\":\"EntryPoint\",\"urlTemplate\":\"https:\\\/\\\/energyminer.eu\\\/?s={search_term_string}\"},\"query-input\":{\"@type\":\"PropertyValueSpecification\",\"valueRequired\":true,\"valueName\":\"search_term_string\"}}],\"inLanguage\":\"en-GB\"},{\"@type\":\"Organization\",\"@id\":\"https:\\\/\\\/energyminer.eu\\\/#organization\",\"name\":\"Energyminer GmbH\",\"alternateName\":\"Energyminer\",\"url\":\"https:\\\/\\\/energyminer.eu\\\/\",\"logo\":{\"@type\":\"ImageObject\",\"inLanguage\":\"en-GB\",\"@id\":\"https:\\\/\\\/energyminer.eu\\\/#\\\/schema\\\/logo\\\/image\\\/\",\"url\":\"https:\\\/\\\/energyminer.eu\\\/wp-content\\\/uploads\\\/2023\\\/02\\\/logo_header.png\",\"contentUrl\":\"https:\\\/\\\/energyminer.eu\\\/wp-content\\\/uploads\\\/2023\\\/02\\\/logo_header.png\",\"width\":680,\"height\":160,\"caption\":\"Energyminer GmbH\"},\"image\":{\"@id\":\"https:\\\/\\\/energyminer.eu\\\/#\\\/schema\\\/logo\\\/image\\\/\"},\"sameAs\":[\"https:\\\/\\\/www.linkedin.com\\\/company\\\/energyminer\\\/\"]}]}<\/script>\n<!-- \/ Yoast SEO plugin. -->","yoast_head_json":{"title":"Impressum - Energyminer","description":"Energyminer GmbH | Dr. Richard Eckl, Dr. Georg Walder | Telefon: +49 8143 5609640, E-Mail: info@energyminer.eu","robots":{"index":"index","follow":"follow","max-snippet":"max-snippet:-1","max-image-preview":"max-image-preview:large","max-video-preview":"max-video-preview:-1"},"canonical":"https:\/\/energyminer.eu\/en\/impressum\/","og_locale":"en_GB","og_type":"article","og_title":"Impressum - Energyminer","og_description":"Energyminer GmbH | Dr. Richard Eckl, Dr. Georg Walder | Telefon: +49 8143 5609640, E-Mail: info@energyminer.eu","og_url":"https:\/\/energyminer.eu\/en\/impressum\/","og_site_name":"Energyminer","article_modified_time":"2024-02-15T17:20:28+00:00","og_image":[{"width":512,"height":512,"url":"https:\/\/energyminer.eu\/wp-content\/uploads\/2023\/03\/cropped-Energyminer-favicon.webp","type":"image\/webp"}],"twitter_card":"summary_large_image","twitter_misc":{"Estimated reading time":"1 minute"},"schema":{"@context":"https:\/\/schema.org","@graph":[{"@type":"WebPage","@id":"https:\/\/energyminer.eu\/impressum\/","url":"https:\/\/energyminer.eu\/impressum\/","name":"Impressum - Energyminer","isPartOf":{"@id":"https:\/\/energyminer.eu\/#website"},"primaryImageOfPage":{"@id":"https:\/\/energyminer.eu\/impressum\/#primaryimage"},"image":{"@id":"https:\/\/energyminer.eu\/impressum\/#primaryimage"},"thumbnailUrl":"https:\/\/energyminer.eu\/wp-content\/uploads\/2023\/03\/cropped-Energyminer-favicon.webp","datePublished":"2023-02-28T15:08:25+00:00","dateModified":"2024-02-15T17:20:28+00:00","description":"Energyminer GmbH | Dr. Richard Eckl, Dr. Georg Walder | Telefon: +49 8143 5609640, E-Mail: info@energyminer.eu","breadcrumb":{"@id":"https:\/\/energyminer.eu\/impressum\/#breadcrumb"},"inLanguage":"en-GB","potentialAction":[{"@type":"ReadAction","target":["https:\/\/energyminer.eu\/impressum\/"]}]},{"@type":"ImageObject","inLanguage":"en-GB","@id":"https:\/\/energyminer.eu\/impressum\/#primaryimage","url":"https:\/\/energyminer.eu\/wp-content\/uploads\/2023\/03\/cropped-Energyminer-favicon.webp","contentUrl":"https:\/\/energyminer.eu\/wp-content\/uploads\/2023\/03\/cropped-Energyminer-favicon.webp","width":512,"height":512,"caption":"Energyminer Favicon"},{"@type":"BreadcrumbList","@id":"https:\/\/energyminer.eu\/impressum\/#breadcrumb","itemListElement":[{"@type":"ListItem","position":1,"name":"Startseite","item":"https:\/\/energyminer.eu\/home\/"},{"@type":"ListItem","position":2,"name":"Impressum"}]},{"@type":"WebSite","@id":"https:\/\/energyminer.eu\/#website","url":"https:\/\/energyminer.eu\/","name":"https:\/\/energyminer.eu\/","description":"Simple hydroelectric power without ecological impact","publisher":{"@id":"https:\/\/energyminer.eu\/#organization"},"alternateName":"Energyminer","potentialAction":[{"@type":"SearchAction","target":{"@type":"EntryPoint","urlTemplate":"https:\/\/energyminer.eu\/?s={search_term_string}"},"query-input":{"@type":"PropertyValueSpecification","valueRequired":true,"valueName":"search_term_string"}}],"inLanguage":"en-GB"},{"@type":"Organization","@id":"https:\/\/energyminer.eu\/#organization","name":"Energyminer GmbH","alternateName":"Energyminer","url":"https:\/\/energyminer.eu\/","logo":{"@type":"ImageObject","inLanguage":"en-GB","@id":"https:\/\/energyminer.eu\/#\/schema\/logo\/image\/","url":"https:\/\/energyminer.eu\/wp-content\/uploads\/2023\/02\/logo_header.png","contentUrl":"https:\/\/energyminer.eu\/wp-content\/uploads\/2023\/02\/logo_header.png","width":680,"height":160,"caption":"Energyminer GmbH"},"image":{"@id":"https:\/\/energyminer.eu\/#\/schema\/logo\/image\/"},"sameAs":["https:\/\/www.linkedin.com\/company\/energyminer\/"]}]}},"_links":{"self":[{"href":"https:\/\/energyminer.eu\/en\/wp-json\/wp\/v2\/pages\/131","targetHints":{"allow":["GET"]}}],"collection":[{"href":"https:\/\/energyminer.eu\/en\/wp-json\/wp\/v2\/pages"}],"about":[{"href":"https:\/\/energyminer.eu\/en\/wp-json\/wp\/v2\/types\/page"}],"author":[{"embeddable":true,"href":"https:\/\/energyminer.eu\/en\/wp-json\/wp\/v2\/users\/2"}],"replies":[{"embeddable":true,"href":"https:\/\/energyminer.eu\/en\/wp-json\/wp\/v2\/comments?post=131"}],"version-history":[{"count":3,"href":"https:\/\/energyminer.eu\/en\/wp-json\/wp\/v2\/pages\/131\/revisions"}],"predecessor-version":[{"id":1598,"href":"https:\/\/energyminer.eu\/en\/wp-json\/wp\/v2\/pages\/131\/revisions\/1598"}],"wp:featuredmedia":[{"embeddable":true,"href":"https:\/\/energyminer.eu\/en\/wp-json\/wp\/v2\/media\/438"}],"wp:attachment":[{"href":"https:\/\/energyminer.eu\/en\/wp-json\/wp\/v2\/media?parent=131"}],"curies":[{"name":"wp","href":"https:\/\/api.w.org\/{rel}","templated":true}]}}